{"id":246,"date":"2020-07-21T10:20:07","date_gmt":"2020-07-21T10:20:07","guid":{"rendered":"http:\/\/schaefer-stiftung.de\/?page_id=246"},"modified":"2021-11-18T18:43:16","modified_gmt":"2021-11-18T18:43:16","slug":"impressum","status":"publish","type":"page","link":"https:\/\/schaefer-stiftung.de\/?page_id=246","title":{"rendered":"Impressum"},"content":{"rendered":"\n<p style=\"font-size:18px\"><strong>Ernst und Emma-Sch\u00e4fer-Stiftung<\/strong><\/p>\n\n\n\n<p class=\"has-normal-font-size\">Rechtsf\u00e4hige Stiftung b\u00fcrgerlichen Rechts<br>Vertreten durch die Vorst\u00e4nde:  <br>Rechtsanw\u00e4ltin Johanna Werres,  <br>Rechtsanwalt Dr. Helmut Irmen <\/p>\n\n\n\n<div class=\"wp-block-group\"><div class=\"wp-block-group__inner-container is-layout-flow wp-block-group-is-layout-flow\">\n<div class=\"wp-block-group\"><div class=\"wp-block-group__inner-container is-layout-flow wp-block-group-is-layout-flow\">\n<p><strong>Stiftungssitz:<\/strong><br>Hohenstaufenring 29-37<br>50674 K\u00f6ln<br><br>Tel.: 0221 35 50 03 0<br>Fax.: 0221 35 50 03 20<br>E-Mail: info@schaefer-stiftung.de<\/p>\n<\/div><\/div>\n<\/div><\/div>\n\n\n\n<p><strong>Aufsicht durch:<\/strong><br>Bezirksregierung K\u00f6ln, 50606 K\u00f6ln<br>Anerkennung der Stiftung am 23.08. 2019<br>Az.: 21\/15.2.1-14\/19<\/p>\n\n\n\n<p><strong>Zust\u00e4ndiges Finanzamt:<\/strong><br>Finanazamt K\u00f6ln-Altstadt <br>Steuernummer: 214\/5854\/0853 <br>Gemeinn\u00fctzigkeit festgellt durch Bescheid nach \u00a7 60 a Abs. 1 AO<\/p>\n\n\n\n<p><strong>Urheberrecht:<\/strong><br>Die durch die Seitenbetreiber erstellten Inhalte und Werke auf diesen Seiten unterliegen dem deutschen Urheberrecht. Die Vervielf\u00e4ltigung, Bearbeitung, Verbreitung und jede Art der Verwertung au\u00dferhalb der Grenzen des Urheberrechtes bed\u00fcrfen der schriftlichen Zustimmung des jeweiligen Autors bzw. Erstellers. Downloads und Kopien dieser Seite sind nur f\u00fcr den privaten, nicht kommerziellen Gebrauch gestattet.<br><br>Soweit die Inhalte auf dieser Seite nicht vom Betreiber erstellt wurden, werden die Urheberrechte Dritter beachtet. Insbesondere werden Inhalte Dritter als solche gekennzeichnet. Sollten Sie trotzdem auf eine Urheberrechtsverletzung aufmerksam werden, bitten wir um einen entsprechenden Hinweis. Bei Bekanntwerden von Rechtsverletzungen werden wir derartige Inhalte umgehend entfernen.<\/p>\n\n\n\n<p>Urheberrecht am Stiftungs-Logo: Frau Katja Tanzer<\/p>\n\n\n\n<p><\/p>\n\n\n\n<p><\/p>\n\n\n\n<p><\/p>\n\n\n\n<p><\/p>\n","protected":false},"excerpt":{"rendered":"<p>Ernst und Emma-Sch\u00e4fer-Stiftung Rechtsf\u00e4hige Stiftung b\u00fcrgerlichen RechtsVertreten durch die Vorst\u00e4nde: Rechtsanw\u00e4ltin Johanna Werres, Rechtsanwalt Dr. Helmut Irmen Stiftungssitz:Hohenstaufenring 29-3750674 K\u00f6ln Tel.: 0221 35 50 03 0Fax.: 0221 35 50 03 20E-Mail: info@schaefer-stiftung.de Aufsicht durch:Bezirksregierung K\u00f6ln, 50606 K\u00f6lnAnerkennung der Stiftung am 23.08. 2019Az.: 21\/15.2.1-14\/19 Zust\u00e4ndiges Finanzamt:Finanazamt K\u00f6ln-Altstadt Steuernummer: 214\/5854\/0853 Gemeinn\u00fctzigkeit festgellt durch Bescheid nach \u00a7 60 &hellip; <\/p>\n<p class=\"link-more\"><a href=\"https:\/\/schaefer-stiftung.de\/?page_id=246\" class=\"more-link\"><span class=\"screen-reader-text\">\u201eImpressum\u201c <\/span>weiterlesen<\/a><\/p>\n","protected":false},"author":1,"featured_media":0,"parent":0,"menu_order":0,"comment_status":"closed","ping_status":"closed","template":"","meta":{"footnotes":""},"class_list":["post-246","page","type-page","status-publish","hentry"],"_links":{"self":[{"href":"https:\/\/schaefer-stiftung.de\/index.php?rest_route=\/wp\/v2\/pages\/246","targetHints":{"allow":["GET"]}}],"collection":[{"href":"https:\/\/schaefer-stiftung.de\/index.php?rest_route=\/wp\/v2\/pages"}],"about":[{"href":"https:\/\/schaefer-stiftung.de\/index.php?rest_route=\/wp\/v2\/types\/page"}],"author":[{"embeddable":true,"href":"https:\/\/schaefer-stiftung.de\/index.php?rest_route=\/wp\/v2\/users\/1"}],"replies":[{"embeddable":true,"href":"https:\/\/schaefer-stiftung.de\/index.php?rest_route=%2Fwp%2Fv2%2Fcomments&post=246"}],"version-history":[{"count":7,"href":"https:\/\/schaefer-stiftung.de\/index.php?rest_route=\/wp\/v2\/pages\/246\/revisions"}],"predecessor-version":[{"id":268,"href":"https:\/\/schaefer-stiftung.de\/index.php?rest_route=\/wp\/v2\/pages\/246\/revisions\/268"}],"wp:attachment":[{"href":"https:\/\/schaefer-stiftung.de\/index.php?rest_route=%2Fwp%2Fv2%2Fmedia&parent=246"}],"curies":[{"name":"wp","href":"https:\/\/api.w.org\/{rel}","templated":true}]}}