{"id":78,"date":"2020-05-08T15:53:18","date_gmt":"2020-05-08T15:53:18","guid":{"rendered":"http:\/\/schaefer-stiftung.de\/?page_id=78"},"modified":"2020-07-01T16:49:12","modified_gmt":"2020-07-01T16:49:12","slug":"worum-bemuehen-wir-uns","status":"publish","type":"page","link":"https:\/\/schaefer-stiftung.de\/?page_id=78","title":{"rendered":"Warum gibt es uns?"},"content":{"rendered":"\n<p><strong>Die Liebe der Eheleute Ernst und Emma Sch\u00e4fer zur Natur und zu Tieren wurde bereits in fr\u00fchester Kindheit gepr\u00e4gt. Besonders Ernst Sch\u00e4fer, der in der Eifel geboren und aufgewachsen ist, hat sich der Natur und den Tieren sehr verbunden gef\u00fchlt.<\/strong><\/p>\n\n\n\n<p><strong>Als der einzige Sohn fr\u00fch verstarb, entschieden die Eheleute Sch\u00e4fer sich, ihr Verm\u00f6gen in Form einer Stiftung zum Wohle der Tiere einzusetzen.<\/strong><\/p>\n\n\n\n<figure class=\"wp-block-image size-large is-resized is-style-rounded\"><img loading=\"lazy\" decoding=\"async\" src=\"https:\/\/schaefer-stiftung.de\/wp-content\/uploads\/2020\/07\/image.png\" alt=\"\" class=\"wp-image-237\" width=\"630\" height=\"445\"\/><figcaption>                                                                         Die Eheleute Sch\u00e4fer mit ihrem Sohn<\/figcaption><\/figure>\n","protected":false},"excerpt":{"rendered":"<p>Die Liebe der Eheleute Ernst und Emma Sch\u00e4fer zur Natur und zu Tieren wurde bereits in fr\u00fchester Kindheit gepr\u00e4gt. Besonders Ernst Sch\u00e4fer, der in der Eifel geboren und aufgewachsen ist, hat sich der Natur und den Tieren sehr verbunden gef\u00fchlt. Als der einzige Sohn fr\u00fch verstarb, entschieden die Eheleute Sch\u00e4fer sich, ihr Verm\u00f6gen in Form &hellip; <\/p>\n<p class=\"link-more\"><a href=\"https:\/\/schaefer-stiftung.de\/?page_id=78\" class=\"more-link\"><span class=\"screen-reader-text\">\u201eWarum gibt es uns?\u201c <\/span>weiterlesen<\/a><\/p>\n","protected":false},"author":1,"featured_media":0,"parent":0,"menu_order":2,"comment_status":"closed","ping_status":"closed","template":"","meta":{"footnotes":""},"class_list":["post-78","page","type-page","status-publish","hentry"],"_links":{"self":[{"href":"https:\/\/schaefer-stiftung.de\/index.php?rest_route=\/wp\/v2\/pages\/78","targetHints":{"allow":["GET"]}}],"collection":[{"href":"https:\/\/schaefer-stiftung.de\/index.php?rest_route=\/wp\/v2\/pages"}],"about":[{"href":"https:\/\/schaefer-stiftung.de\/index.php?rest_route=\/wp\/v2\/types\/page"}],"author":[{"embeddable":true,"href":"https:\/\/schaefer-stiftung.de\/index.php?rest_route=\/wp\/v2\/users\/1"}],"replies":[{"embeddable":true,"href":"https:\/\/schaefer-stiftung.de\/index.php?rest_route=%2Fwp%2Fv2%2Fcomments&post=78"}],"version-history":[{"count":4,"href":"https:\/\/schaefer-stiftung.de\/index.php?rest_route=\/wp\/v2\/pages\/78\/revisions"}],"predecessor-version":[{"id":238,"href":"https:\/\/schaefer-stiftung.de\/index.php?rest_route=\/wp\/v2\/pages\/78\/revisions\/238"}],"wp:attachment":[{"href":"https:\/\/schaefer-stiftung.de\/index.php?rest_route=%2Fwp%2Fv2%2Fmedia&parent=78"}],"curies":[{"name":"wp","href":"https:\/\/api.w.org\/{rel}","templated":true}]}}