{"id":81,"date":"2020-05-08T15:53:18","date_gmt":"2020-05-08T15:53:18","guid":{"rendered":"http:\/\/schaefer-stiftung.de\/?page_id=81"},"modified":"2020-07-01T16:56:05","modified_gmt":"2020-07-01T16:56:05","slug":"pflege-herrenloser-tiere","status":"publish","type":"page","link":"https:\/\/schaefer-stiftung.de\/","title":{"rendered":"Unsere Ziele"},"content":{"rendered":"\n<p><strong>Zweck der Stiftung ist die Mittelbschaffung nach \u00a7 58 Nr. 1 AO zur F\u00f6rderung des Tierschutzes, insbesondere zur Arterhaltung von Tieren, zur F\u00f6rderung der artgerechten Haltung von Tieren sowie zur Pflege herrenloser Tiere.<\/strong><\/p>\n\n\n\n<p><strong>Die Stiftung verfolgt ihren Zweck durch die Weitergabe von Mitteln an andere K\u00f6rperschaften oder juristische Personen des \u00f6ffentlichen Rechts.<\/strong><\/p>\n\n\n\n<p><strong>Mehrere Millionen Tiere leben in Europa auf der Stra\u00dfe und drohen zu verwahrlosen. Oftmals kommt hinzu, dass diese Tiere von uns Menschen get\u00f6tet werden, weil sie als Gefahr oder als belastend angesehen werden. Diesen Tieren gilt es durch unmittelbare Versorgung zu helfen.<\/strong><\/p>\n\n\n\n<p><strong>\u00dcber 13.000 Tierarten stehen auf der Roten Liste der Weltnaturschutzunion (IUCN) und sind akut vom Aussterben bedroht. Dies hat nicht nur schwere Folgen f\u00fcr die Tierwelt und das \u00d6kosystem, sondern auch f\u00fcr uns Menschen. Jedes Tier hat ein Recht auf unbedrohte Existenz.<\/strong><\/p>\n","protected":false},"excerpt":{"rendered":"<p>Zweck der Stiftung ist die Mittelbschaffung nach \u00a7 58 Nr. 1 AO zur F\u00f6rderung des Tierschutzes, insbesondere zur Arterhaltung von Tieren, zur F\u00f6rderung der artgerechten Haltung von Tieren sowie zur Pflege herrenloser Tiere. Die Stiftung verfolgt ihren Zweck durch die Weitergabe von Mitteln an andere K\u00f6rperschaften oder juristische Personen des \u00f6ffentlichen Rechts. Mehrere Millionen Tiere &hellip; <\/p>\n<p class=\"link-more\"><a href=\"https:\/\/schaefer-stiftung.de\/\" class=\"more-link\"><span class=\"screen-reader-text\">\u201eUnsere Ziele\u201c <\/span>weiterlesen<\/a><\/p>\n","protected":false},"author":1,"featured_media":0,"parent":0,"menu_order":1,"comment_status":"closed","ping_status":"closed","template":"","meta":{"footnotes":""},"class_list":["post-81","page","type-page","status-publish","hentry"],"_links":{"self":[{"href":"https:\/\/schaefer-stiftung.de\/index.php?rest_route=\/wp\/v2\/pages\/81","targetHints":{"allow":["GET"]}}],"collection":[{"href":"https:\/\/schaefer-stiftung.de\/index.php?rest_route=\/wp\/v2\/pages"}],"about":[{"href":"https:\/\/schaefer-stiftung.de\/index.php?rest_route=\/wp\/v2\/types\/page"}],"author":[{"embeddable":true,"href":"https:\/\/schaefer-stiftung.de\/index.php?rest_route=\/wp\/v2\/users\/1"}],"replies":[{"embeddable":true,"href":"https:\/\/schaefer-stiftung.de\/index.php?rest_route=%2Fwp%2Fv2%2Fcomments&post=81"}],"version-history":[{"count":6,"href":"https:\/\/schaefer-stiftung.de\/index.php?rest_route=\/wp\/v2\/pages\/81\/revisions"}],"predecessor-version":[{"id":241,"href":"https:\/\/schaefer-stiftung.de\/index.php?rest_route=\/wp\/v2\/pages\/81\/revisions\/241"}],"wp:attachment":[{"href":"https:\/\/schaefer-stiftung.de\/index.php?rest_route=%2Fwp%2Fv2%2Fmedia&parent=81"}],"curies":[{"name":"wp","href":"https:\/\/api.w.org\/{rel}","templated":true}]}}