{"id":98,"date":"2020-05-08T15:53:18","date_gmt":"2020-05-08T15:53:18","guid":{"rendered":"http:\/\/schaefer-stiftung.de\/?page_id=98"},"modified":"2025-07-16T08:53:35","modified_gmt":"2025-07-16T08:53:35","slug":"spenden","status":"publish","type":"page","link":"https:\/\/schaefer-stiftung.de\/?page_id=98","title":{"rendered":"Spenden \/ Erbschaft \/ Zustiftung"},"content":{"rendered":"\n<p><\/p>\n\n\n\n<p><strong>Jede Spende hilft!!!<\/strong><\/p>\n\n\n\n<p>Ihre Unterst\u00fctzung ist f\u00fcr den Tierschutz wichtig.<\/p>\n\n\n\n<p><img loading=\"lazy\" decoding=\"async\" width=\"250\" height=\"250\" class=\"wp-image-124\" style=\"width: 250px;\" alt=\"\" src=\"https:\/\/schaefer-stiftung.de\/wp-content\/uploads\/2020\/05\/8B208E66-CCD9-4AAA-9002-F772405DDC9D-1-1.jpeg\" srcset=\"https:\/\/schaefer-stiftung.de\/wp-content\/uploads\/2020\/05\/8B208E66-CCD9-4AAA-9002-F772405DDC9D-1-1.jpeg 1920w, https:\/\/schaefer-stiftung.de\/wp-content\/uploads\/2020\/05\/8B208E66-CCD9-4AAA-9002-F772405DDC9D-1-1-300x300.jpeg 300w, https:\/\/schaefer-stiftung.de\/wp-content\/uploads\/2020\/05\/8B208E66-CCD9-4AAA-9002-F772405DDC9D-1-1-1024x1024.jpeg 1024w, https:\/\/schaefer-stiftung.de\/wp-content\/uploads\/2020\/05\/8B208E66-CCD9-4AAA-9002-F772405DDC9D-1-1-150x150.jpeg 150w, https:\/\/schaefer-stiftung.de\/wp-content\/uploads\/2020\/05\/8B208E66-CCD9-4AAA-9002-F772405DDC9D-1-1-768x768.jpeg 768w, https:\/\/schaefer-stiftung.de\/wp-content\/uploads\/2020\/05\/8B208E66-CCD9-4AAA-9002-F772405DDC9D-1-1-1536x1536.jpeg 1536w, https:\/\/schaefer-stiftung.de\/wp-content\/uploads\/2020\/05\/8B208E66-CCD9-4AAA-9002-F772405DDC9D-1-1-100x100.jpeg 100w\" sizes=\"auto, (max-width: 250px) 100vw, 250px\" \/><\/p>\n\n\n\n<p><\/p>\n\n\n\n<p>Mit Ihrer Hilfe zu gunsten unseres Spendenkontos<\/p>\n\n\n\n<ul class=\"wp-block-list\">\n<li>Ernst und Emma Sch\u00e4fer-Stiftung<\/li>\n\n\n\n<li>Sparkasse D\u00fcren<\/li>\n\n\n\n<li>IBAN: DE68 3955 0110 1201 5321 63<\/li>\n\n\n\n<li>BIC: SDUEDE33XXXXXX<\/li>\n<\/ul>\n\n\n\n<p>k\u00f6nnen wir k\u00fcnftig noch mehr f\u00fcr die Tiere tun.<\/p>\n\n\n\n<p>Eine Spendenbescheinigung stellen wir gerne aus.<\/p>\n\n\n\n<p>Aber auch Ihr Nachla\u00df kann viel bewegen. Viele Menschen m\u00f6chten \u00fcber ihren Tod hinaus Gutes f\u00fcr Tiere tun und nachhaltig etwas bewegen. Sollten Sie die Entscheidung treffen, die Ernst und Emma Sch\u00e4fer-Stiftung in Ihren Testament zu bedenken, freuen wir uns im Sinne des Tierschutzes dar\u00fcber sehr.<\/p>\n\n\n\n<p>Auch Zustiftungen sind willkommen.<\/p>\n\n\n\n<p><\/p>\n","protected":false},"excerpt":{"rendered":"<p>Jede Spende hilft!!! Ihre Unterst\u00fctzung ist f\u00fcr den Tierschutz wichtig. Mit Ihrer Hilfe zu gunsten unseres Spendenkontos k\u00f6nnen wir k\u00fcnftig noch mehr f\u00fcr die Tiere tun. Eine Spendenbescheinigung stellen wir gerne aus. Aber auch Ihr Nachla\u00df kann viel bewegen. Viele Menschen m\u00f6chten \u00fcber ihren Tod hinaus Gutes f\u00fcr Tiere tun und nachhaltig etwas bewegen. Sollten &hellip; <\/p>\n<p class=\"link-more\"><a href=\"https:\/\/schaefer-stiftung.de\/?page_id=98\" class=\"more-link\"><span class=\"screen-reader-text\">\u201eSpenden \/ Erbschaft \/ Zustiftung\u201c <\/span>weiterlesen<\/a><\/p>\n","protected":false},"author":1,"featured_media":0,"parent":0,"menu_order":5,"comment_status":"closed","ping_status":"closed","template":"","meta":{"footnotes":""},"class_list":["post-98","page","type-page","status-publish","hentry"],"_links":{"self":[{"href":"https:\/\/schaefer-stiftung.de\/index.php?rest_route=\/wp\/v2\/pages\/98","targetHints":{"allow":["GET"]}}],"collection":[{"href":"https:\/\/schaefer-stiftung.de\/index.php?rest_route=\/wp\/v2\/pages"}],"about":[{"href":"https:\/\/schaefer-stiftung.de\/index.php?rest_route=\/wp\/v2\/types\/page"}],"author":[{"embeddable":true,"href":"https:\/\/schaefer-stiftung.de\/index.php?rest_route=\/wp\/v2\/users\/1"}],"replies":[{"embeddable":true,"href":"https:\/\/schaefer-stiftung.de\/index.php?rest_route=%2Fwp%2Fv2%2Fcomments&post=98"}],"version-history":[{"count":8,"href":"https:\/\/schaefer-stiftung.de\/index.php?rest_route=\/wp\/v2\/pages\/98\/revisions"}],"predecessor-version":[{"id":306,"href":"https:\/\/schaefer-stiftung.de\/index.php?rest_route=\/wp\/v2\/pages\/98\/revisions\/306"}],"wp:attachment":[{"href":"https:\/\/schaefer-stiftung.de\/index.php?rest_route=%2Fwp%2Fv2%2Fmedia&parent=98"}],"curies":[{"name":"wp","href":"https:\/\/api.w.org\/{rel}","templated":true}]}}